{"id":4001,"date":"2018-08-16T13:04:25","date_gmt":"2018-08-16T11:04:25","guid":{"rendered":"https:\/\/sienn.com\/?page_id=4001"},"modified":"2024-08-20T15:34:54","modified_gmt":"2024-08-20T13:34:54","slug":"bizzlayer","status":"publish","type":"page","link":"https:\/\/www.sienn.com\/nl\/oplossingen\/bizzlayer\/","title":{"rendered":"BizzLayer"},"content":{"rendered":"<div class=\"wpb-content-wrapper\"><p>[vc_row css=&#8221;.vc_custom_1500635964468{margin-top: 80px !important;margin-bottom: 80px !important;}&#8221;][vc_column][dfd_heading subtitle=&#8221;Alle essenti\u00eble data op \u00e9\u00e9n centrale plaats beheren en toegankelijk maken.&#8221; enable_delimiter=&#8221;&#8221; undefined=&#8221;&#8221; title_font_options=&#8221;tag:h1|font_size:72|line_height:78&#8243; subtitle_font_options=&#8221;tag:h2|font_size:24|color:%23777777&#8243;]BizzLayer[\/dfd_heading][\/vc_column][\/vc_row][vc_row el_class=&#8221;image-left&#8221; dfd_bg_style=&#8221;image&#8221; dfd_bg_image_new=&#8221;2676&#8243; dfd_bg_image_repeat=&#8221;no-repeat&#8221; dfd_bg_image_size=&#8221;contain&#8221; dfd_image_bg_color=&#8221;#c2206a&#8221; dfd_bg_image_position=&#8221;left center&#8221; dfd_bg_image_new_responsive=&#8221;2676&#8243; dfd_bg_image_position_mobile=&#8221;left 10%&#8221; css=&#8221;.vc_custom_1501761811608{padding-top: 40px !important;padding-bottom: 40px !important;background-color: #c2206a !important;}&#8221;][vc_column width=&#8221;1\/2&#8243;][\/vc_column][vc_column width=&#8221;1\/2&#8243;][dfd_spacer screen_wide_spacer_size=&#8221;10&#8243; screen_normal_resolution=&#8221;800&#8243; screen_tablet_resolution=&#8221;640&#8243; screen_mobile_resolution=&#8221;&#8221; screen_normal_spacer_size=&#8221;300&#8243; screen_tablet_spacer_size=&#8221;0&#8243;][dfd_heading subtitle=&#8221;&#8220;Het centraal beheren van data is van cruciaal belang voor effici\u00ebnte bedrijfsvoering&#8220;&#8221; content_alignment=&#8221;text-left&#8221; enable_delimiter=&#8221;&#8221; heading_margin=&#8221;margin-bottom:30&#8243; undefined=&#8221;&#8221; title_font_options=&#8221;tag:h3|font_size:48|color:%23ffffff|line_height:55&#8243; subtitle_font_options=&#8221;tag:h4|font_size:32|color:%23ffffff|line_height:40&#8243; title_responsive=&#8221;font_size_tablet:35|line_height_tablet:40|font_size_mobile:30|line_height_mobile:35&#8243; subtitle_responsive=&#8221;font_size_tablet:25|line_height_tablet:30|font_size_mobile:23|line_height_mobile:28&#8243; subheading_margin=&#8221;margin-bottom:30&#8243;]<\/p>\n<p id=\"selector-bf-597af2002c250\" class=\"vc_custom_heading vc_custom_1494495568063\">Het BizzLayer concept<\/p>\n<p>[\/dfd_heading][vc_column_text css=&#8221;.vc_custom_1501229819232{margin-bottom: 40px !important;}&#8221;]<span style=\"color: #ffffff;\">Ons BizzLayer concept is een krachtige, flexibele en modulaire tooling die u voorziet in oplossingen op gebieden als data management, product informatie management, taak- en service management, en dashboarding. Dit met als doel uw gehele organisatie over de gehele keten te optimaliseren voor maximaal resultaat.<\/span>[\/vc_column_text][dfd_button button_text=&#8221;Bekijk de modules&#8221; alignment=&#8221;text-left&#8221; border=&#8221;border_style:solid|border_top_width:2|border_bottom_width:2|border_left_width:2|border_right_width:2|border_radius:40|border_color:%23ffffff&#8221; hover_border=&#8221;border_style:solid|border_top_width:2|border_bottom_width:2|border_left_width:2|border_right_width:2|border_radius:40|border_color:%23ffffff&#8221; main_style=&#8221;style-2&#8243; undefined=&#8221;&#8221; padding_left=&#8221;40&#8243; padding_right=&#8221;40&#8243; text_color=&#8221;#ffffff&#8221; hover_text_color=&#8221;#c2206a&#8221; box_shadow=&#8221;box_shadow_enable:disable|shadow_horizontal:0|shadow_vertical:15|shadow_blur:50|shadow_spread:0|box_shadow_color:rgba(0%2C0%2C0%2C0.35)&#8221; hover_box_shadow=&#8221;box_shadow_enable:disable|shadow_horizontal:0|shadow_vertical:15|shadow_blur:50|shadow_spread:0|box_shadow_color:rgba(0%2C0%2C0%2C0.35)&#8221; title_font_options=&#8221;font_size:18&#8243; hover_background=&#8221;#ffffff&#8221; buttom_link_src=&#8221;url:%23modules|||&#8221;][dfd_spacer screen_wide_spacer_size=&#8221;120&#8243; screen_normal_resolution=&#8221;1024&#8243; screen_tablet_resolution=&#8221;800&#8243; screen_mobile_resolution=&#8221;480&#8243; screen_tablet_spacer_size=&#8221;50&#8243; screen_mobile_spacer_size=&#8221;0&#8243; screen_normal_spacer_size=&#8221;50&#8243;][\/vc_column][\/vc_row][vc_row css=&#8221;.vc_custom_1500540346974{padding-top: 80px !important;background-color: #f4f4f4 !important;}&#8221;][vc_column][dfd_heading subtitle=&#8221;&#8221; enable_delimiter=&#8221;&#8221; undefined=&#8221;&#8221; title_font_options=&#8221;tag:h5|font_size:48|color:%23333333&#8243; subtitle_font_options=&#8221;tag:div&#8221; title_responsive=&#8221;font_size_tablet:35|line_height_tablet:40|font_size_mobile:30|line_height_mobile:35&#8243;]Modulair Framework[\/dfd_heading][dfd_spacer screen_wide_spacer_size=&#8221;40&#8243; screen_normal_resolution=&#8221;1024&#8243; screen_tablet_resolution=&#8221;800&#8243; screen_mobile_resolution=&#8221;480&#8243; screen_normal_spacer_size=&#8221;20&#8243; screen_tablet_spacer_size=&#8221;10&#8243; screen_mobile_spacer_size=&#8221;10&#8243;][\/vc_column][\/vc_row][vc_row css=&#8221;.vc_custom_1500541294943{padding-top: 20px !important;padding-bottom: 80px !important;background-color: #f4f4f4 !important;}&#8221;][vc_column width=&#8221;1\/2&#8243;][vc_row_inner][vc_column_inner][dfd_heading subtitle=&#8221;&#8221; content_alignment=&#8221;text-left&#8221; enable_delimiter=&#8221;&#8221; heading_margin=&#8221;margin-bottom:40&#8243; undefined=&#8221;&#8221; title_font_options=&#8221;tag:h2|font_size:32&#8243; subtitle_font_options=&#8221;tag:div&#8221; title_responsive=&#8221;font_size_tablet:25|line_height_tablet:30|font_size_mobile:23|line_height_mobile:28&#8243;]Ons hele framework is modulair en kent verschillende modules om uw business mee uit te breiden.[\/dfd_heading][\/vc_column_inner][\/vc_row_inner][vc_row_inner][vc_column_inner css=&#8221;.vc_custom_1500540539583{margin-bottom: 20px !important;}&#8221; col_inner_shadow=&#8221;box_shadow_enable:disable|shadow_horizontal:0|shadow_vertical:15|shadow_blur:50|shadow_spread:0|box_shadow_color:rgba(0%2C0%2C0%2C0.35)&#8221; col_inner_shadow_hover=&#8221;box_shadow_enable:disable|shadow_horizontal:0|shadow_vertical:15|shadow_blur:50|shadow_spread:0|box_shadow_color:rgba(0%2C0%2C0%2C0.35)&#8221;][vc_column_text css=&#8221;.vc_custom_1501592671691{margin-bottom: 10px !important;}&#8221;]Onze oplossing kan zowel als SaaS oplossing in de Cloud draaien maar ook on-premise op uw eigen servers.[\/vc_column_text][\/vc_column_inner][\/vc_row_inner][\/vc_column][vc_column width=&#8221;1\/2&#8243;][dfd_spacer screen_wide_spacer_size=&#8221;0&#8243; screen_normal_resolution=&#8221;1024&#8243; screen_tablet_resolution=&#8221;800&#8243; screen_mobile_resolution=&#8221;480&#8243; screen_tablet_spacer_size=&#8221;40&#8243; screen_mobile_spacer_size=&#8221;30&#8243;][dfd_single_image image=&#8221;6031&#8243; enable_link=&#8221;yes&#8221;][\/vc_column][\/vc_row][vc_row anchor=&#8221;modules&#8221; css=&#8221;.vc_custom_1501507475119{padding-top: 100px !important;padding-bottom: 100px !important;}&#8221;][vc_column][dfd_heading subtitle=&#8221;&#8221; enable_delimiter=&#8221;&#8221; heading_margin=&#8221;margin-bottom:40&#8243; undefined=&#8221;&#8221; title_font_options=&#8221;tag:h5|font_size:48|line_height:55&#8243; subtitle_font_options=&#8221;tag:div|font_size:24|color:%23333333|line_height:35&#8243;]<\/p>\n<p id=\"selector-bf-597af2002de66\" class=\"vc_custom_heading vc_custom_1495025944833\">Onze BizzLayer modules<\/p>\n<p>[\/dfd_heading][vc_row_inner css=&#8221;.vc_custom_1501160401872{margin-top: 40px !important;}&#8221; el_class=&#8221;info-box-three-cols&#8221;][vc_column_inner width=&#8221;1\/3&#8243;][dfd_info_box title=&#8221;DataSync&#8221; subtitle=&#8221;&#8221; main_content=&#8221;Integraal Data Management&#8221; read_more=&#8221;more&#8221; readmore_style=&#8221;read-more-8&#8243; readmore_text=&#8221;Meer over DataSync \u203a&#8221; ic_dfd_icons=&#8221;siennicon-datasync&#8221; main_style=&#8221;style-1&#8243; main_layout=&#8221;layout-2&#8243; el_class=&#8221;white-circle gray-circle&#8221; undefined=&#8221;&#8221; title_font_options=&#8221;tag:div&#8221; readmore_show=&#8221;show&#8221; icon_color=&#8221;#c2206a&#8221; link=&#8221;url:%2Fnl%2Foplossingen%2Fbizzlayer%2Fdatasync%2F|||&#8221; tutorials=&#8221;&#8221;][dfd_spacer screen_wide_spacer_size=&#8221;0&#8243; screen_normal_resolution=&#8221;1024&#8243; screen_tablet_resolution=&#8221;800&#8243; screen_mobile_resolution=&#8221;640&#8243; screen_mobile_spacer_size=&#8221;50&#8243;][\/vc_column_inner][vc_column_inner width=&#8221;1\/3&#8243;][dfd_info_box title=&#8221;BizzLayer Dashboarding&#8221; subtitle=&#8221;&#8221; main_content=&#8221;Bedrijfsformatie terugbrengen naar de absolute kern, met duidelijke dashboards.&#8221; read_more=&#8221;more&#8221; readmore_style=&#8221;read-more-8&#8243; readmore_text=&#8221;Meer over Dashboarding \u203a&#8221; ic_dfd_icons=&#8221;siennicon-web-portal&#8221; main_style=&#8221;style-1&#8243; main_layout=&#8221;layout-2&#8243; el_class=&#8221;white-circle gray-circle&#8221; undefined=&#8221;&#8221; title_font_options=&#8221;tag:div&#8221; readmore_show=&#8221;show&#8221; icon_color=&#8221;#c2206a&#8221; link=&#8221;url:%2Fnl%2Foplossingen%2Fdashboarding%2F|||&#8221;][dfd_spacer screen_wide_spacer_size=&#8221;0&#8243; screen_normal_resolution=&#8221;1024&#8243; screen_tablet_resolution=&#8221;800&#8243; screen_mobile_resolution=&#8221;640&#8243; screen_mobile_spacer_size=&#8221;50&#8243;][\/vc_column_inner][vc_column_inner width=&#8221;1\/3&#8243;][dfd_info_box title=&#8221;BizzLayer Master Data Management&#8221; subtitle=&#8221;&#8221; main_content=&#8221;Voor het centraliseren en beheren van alle kerngegevens en de relaties tussen al uw data.&#8221; ic_dfd_icons=&#8221;siennicon-master-data-management&#8221; main_style=&#8221;style-1&#8243; main_layout=&#8221;layout-2&#8243; el_class=&#8221;white-circle gray-circle&#8221; undefined=&#8221;&#8221; title_font_options=&#8221;tag:div&#8221; icon_color=&#8221;#c2206a&#8221;][dfd_spacer screen_wide_spacer_size=&#8221;0&#8243; screen_normal_resolution=&#8221;1024&#8243; screen_tablet_resolution=&#8221;800&#8243; screen_mobile_resolution=&#8221;640&#8243; screen_mobile_spacer_size=&#8221;50&#8243;][\/vc_column_inner][\/vc_row_inner][vc_row_inner css=&#8221;.vc_custom_1501074208085{margin-top: 40px !important;}&#8221; el_class=&#8221;info-box-three-cols&#8221;][vc_column_inner width=&#8221;1\/3&#8243;][dfd_info_box title=&#8221;BizzLayer WebPortal&#8221; subtitle=&#8221;&#8221; main_content=&#8221;Het modulaire business platform&#8221; read_more=&#8221;more&#8221; readmore_style=&#8221;read-more-8&#8243; readmore_text=&#8221;Meer over WebPortal \u203a&#8221; ic_dfd_icons=&#8221;siennicon-web-portal&#8221; main_style=&#8221;style-1&#8243; main_layout=&#8221;layout-2&#8243; el_class=&#8221;white-circle gray-circle&#8221; undefined=&#8221;&#8221; title_font_options=&#8221;tag:div&#8221; readmore_show=&#8221;show&#8221; icon_color=&#8221;#c2206a&#8221; link=&#8221;url:%2Fnl%2Foplossingen%2Fbizzlayer%2Fwebportal%2F|||&#8221;][dfd_spacer screen_wide_spacer_size=&#8221;0&#8243; screen_normal_resolution=&#8221;1024&#8243; screen_tablet_resolution=&#8221;800&#8243; screen_mobile_resolution=&#8221;640&#8243; screen_mobile_spacer_size=&#8221;50&#8243;][\/vc_column_inner][vc_column_inner width=&#8221;1\/3&#8243;][dfd_info_box title=&#8221;BizzLayer FrameWork&#8221; subtitle=&#8221;&#8221; main_content=&#8221;De solide backbone voor BizzLayer modules&#8221; ic_dfd_icons=&#8221;siennicon-framework&#8221; main_style=&#8221;style-1&#8243; main_layout=&#8221;layout-2&#8243; el_class=&#8221;white-circle gray-circle&#8221; undefined=&#8221;&#8221; title_font_options=&#8221;tag:div&#8221; icon_color=&#8221;#c2206a&#8221;][dfd_spacer screen_wide_spacer_size=&#8221;0&#8243; screen_normal_resolution=&#8221;1024&#8243; screen_tablet_resolution=&#8221;800&#8243; screen_mobile_resolution=&#8221;640&#8243; screen_mobile_spacer_size=&#8221;50&#8243;][\/vc_column_inner][vc_column_inner width=&#8221;1\/3&#8243;][dfd_info_box title=&#8221;BizzLayer Product Information Management&#8221; subtitle=&#8221;&#8221; main_content=&#8221;Voor het centraliseren, beheren en distribueren van al uw productdata over een ongelimiteerd aantal kanalen.&#8221; read_more=&#8221;more&#8221; readmore_style=&#8221;read-more-8&#8243; readmore_text=&#8221;Meer over PIM \u203a&#8221; ic_dfd_icons=&#8221;siennicon-pim&#8221; main_style=&#8221;style-1&#8243; main_layout=&#8221;layout-2&#8243; el_class=&#8221;white-circle gray-circle&#8221; undefined=&#8221;&#8221; title_font_options=&#8221;tag:div&#8221; readmore_show=&#8221;show&#8221; icon_color=&#8221;#c2206a&#8221; link=&#8221;url:%2Fnl%2Foplossingen%2Fbizzlayer%2Fpim%2F|||&#8221;][dfd_spacer screen_wide_spacer_size=&#8221;0&#8243; screen_normal_resolution=&#8221;1024&#8243; screen_tablet_resolution=&#8221;800&#8243; screen_mobile_resolution=&#8221;640&#8243; screen_mobile_spacer_size=&#8221;50&#8243;][\/vc_column_inner][\/vc_row_inner][\/vc_column][\/vc_row]<\/p>\n<\/div>","protected":false},"excerpt":{"rendered":"<p>[vc_row css=&#8221;.vc_custom_1500635964468{margin-top: 80px !important;margin-bottom: 80px !important;}&#8221;][vc_column][dfd_heading subtitle=&#8221;Alle essenti\u00eble data op \u00e9\u00e9n centrale plaats beheren en toegankelijk maken.&#8221; enable_delimiter=&#8221;&#8221; undefined=&#8221;&#8221; title_font_options=&#8221;tag:h1|font_size:72|line_height:78&#8243; subtitle_font_options=&#8221;tag:h2|font_size:24|color:%23777777&#8243;]BizzLayer[\/dfd_heading][\/vc_column][\/vc_row][vc_row el_class=&#8221;image-left&#8221; dfd_bg_style=&#8221;image&#8221; dfd_bg_image_new=&#8221;2676&#8243; dfd_bg_image_repeat=&#8221;no-repeat&#8221; dfd_bg_image_size=&#8221;contain&#8221; dfd_image_bg_color=&#8221;#c2206a&#8221; dfd_bg_image_position=&#8221;left center&#8221; dfd_bg_image_new_responsive=&#8221;2676&#8243;<\/p>\n","protected":false},"author":1,"featured_media":0,"parent":1814,"menu_order":0,"comment_status":"closed","ping_status":"closed","template":"tmp-page.php","meta":{"_acf_changed":false,"footnotes":""},"class_list":["post-4001","page","type-page","status-publish","hentry"],"acf":[],"yoast_head":"<!-- This site is optimized with the Yoast SEO plugin v24.4 - https:\/\/yoast.com\/wordpress\/plugins\/seo\/ -->\n<title>BizzLayer Data Management Software | SIENN<\/title>\n<meta name=\"description\" content=\"Optimaliseer en maak uw bedrijfsprocessen inzichtelijk met de verschillende modules van het Bizzlayer concept van SIENN.\" \/>\n<meta name=\"robots\" content=\"index, follow, max-snippet:-1, max-image-preview:large, max-video-preview:-1\" \/>\n<link rel=\"canonical\" href=\"https:\/\/www.sienn.com\/nl\/oplossingen\/bizzlayer\/\" \/>\n<meta property=\"og:locale\" content=\"nl_NL\" \/>\n<meta property=\"og:type\" content=\"article\" \/>\n<meta property=\"og:title\" content=\"BizzLayer Data Management Software | SIENN\" \/>\n<meta property=\"og:description\" content=\"Optimaliseer en maak uw bedrijfsprocessen inzichtelijk met de verschillende modules van het Bizzlayer concept van SIENN.\" \/>\n<meta property=\"og:url\" content=\"https:\/\/www.sienn.com\/nl\/oplossingen\/bizzlayer\/\" \/>\n<meta property=\"og:site_name\" content=\"SIENN\" \/>\n<meta property=\"article:publisher\" content=\"https:\/\/www.facebook.com\/SIENN-119760834715069\/\" \/>\n<meta property=\"article:modified_time\" content=\"2024-08-20T13:34:54+00:00\" \/>\n<meta property=\"og:image\" content=\"https:\/\/www.sienn.com\/wp-content\/uploads\/2017\/08\/sienn-og-img-png.png\" \/>\n\t<meta property=\"og:image:width\" content=\"1200\" \/>\n\t<meta property=\"og:image:height\" content=\"630\" \/>\n\t<meta property=\"og:image:type\" content=\"image\/png\" \/>\n<meta name=\"twitter:card\" content=\"summary_large_image\" \/>\n<meta name=\"twitter:site\" content=\"@SiennNL\" \/>\n<meta name=\"twitter:label1\" content=\"Geschatte leestijd\" \/>\n\t<meta name=\"twitter:data1\" content=\"3 minuten\" \/>\n<script type=\"application\/ld+json\" class=\"yoast-schema-graph\">{\"@context\":\"https:\/\/schema.org\",\"@graph\":[{\"@type\":\"WebPage\",\"@id\":\"https:\/\/www.sienn.com\/nl\/oplossingen\/bizzlayer\/\",\"url\":\"https:\/\/www.sienn.com\/nl\/oplossingen\/bizzlayer\/\",\"name\":\"BizzLayer Data Management Software | SIENN\",\"isPartOf\":{\"@id\":\"https:\/\/www.sienn.com\/nl\/#website\"},\"datePublished\":\"2018-08-16T11:04:25+00:00\",\"dateModified\":\"2024-08-20T13:34:54+00:00\",\"description\":\"Optimaliseer en maak uw bedrijfsprocessen inzichtelijk met de verschillende modules van het Bizzlayer concept van SIENN.\",\"breadcrumb\":{\"@id\":\"https:\/\/www.sienn.com\/nl\/oplossingen\/bizzlayer\/#breadcrumb\"},\"inLanguage\":\"nl-NL\",\"potentialAction\":[{\"@type\":\"ReadAction\",\"target\":[\"https:\/\/www.sienn.com\/nl\/oplossingen\/bizzlayer\/\"]}]},{\"@type\":\"BreadcrumbList\",\"@id\":\"https:\/\/www.sienn.com\/nl\/oplossingen\/bizzlayer\/#breadcrumb\",\"itemListElement\":[{\"@type\":\"ListItem\",\"position\":1,\"name\":\"Home\",\"item\":\"https:\/\/www.sienn.com\/nl\/\"},{\"@type\":\"ListItem\",\"position\":2,\"name\":\"Oplossingen\",\"item\":\"https:\/\/www.sienn.com\/nl\/oplossingen\/\"},{\"@type\":\"ListItem\",\"position\":3,\"name\":\"BizzLayer\"}]},{\"@type\":\"WebSite\",\"@id\":\"https:\/\/www.sienn.com\/nl\/#website\",\"url\":\"https:\/\/www.sienn.com\/nl\/\",\"name\":\"SIENN\",\"description\":\"Living Online Technology\",\"publisher\":{\"@id\":\"https:\/\/www.sienn.com\/nl\/#organization\"},\"potentialAction\":[{\"@type\":\"SearchAction\",\"target\":{\"@type\":\"EntryPoint\",\"urlTemplate\":\"https:\/\/www.sienn.com\/nl\/?s={search_term_string}\"},\"query-input\":{\"@type\":\"PropertyValueSpecification\",\"valueRequired\":true,\"valueName\":\"search_term_string\"}}],\"inLanguage\":\"nl-NL\"},{\"@type\":\"Organization\",\"@id\":\"https:\/\/www.sienn.com\/nl\/#organization\",\"name\":\"SIENN\",\"url\":\"https:\/\/www.sienn.com\/nl\/\",\"logo\":{\"@type\":\"ImageObject\",\"inLanguage\":\"nl-NL\",\"@id\":\"https:\/\/www.sienn.com\/nl\/#\/schema\/logo\/image\/\",\"url\":\"https:\/\/sienn.com\/wp-content\/uploads\/2017\/07\/logo.png\",\"contentUrl\":\"https:\/\/sienn.com\/wp-content\/uploads\/2017\/07\/logo.png\",\"width\":114,\"height\":28,\"caption\":\"SIENN\"},\"image\":{\"@id\":\"https:\/\/www.sienn.com\/nl\/#\/schema\/logo\/image\/\"},\"sameAs\":[\"https:\/\/www.facebook.com\/SIENN-119760834715069\/\",\"https:\/\/x.com\/SiennNL\",\"https:\/\/www.linkedin.com\/company-beta\/1524498\/\",\"https:\/\/www.youtube.com\/user\/SIENNbenelux\"]}]}<\/script>\n<!-- \/ Yoast SEO plugin. -->","yoast_head_json":{"title":"BizzLayer Data Management Software | SIENN","description":"Optimaliseer en maak uw bedrijfsprocessen inzichtelijk met de verschillende modules van het Bizzlayer concept van SIENN.","robots":{"index":"index","follow":"follow","max-snippet":"max-snippet:-1","max-image-preview":"max-image-preview:large","max-video-preview":"max-video-preview:-1"},"canonical":"https:\/\/www.sienn.com\/nl\/oplossingen\/bizzlayer\/","og_locale":"nl_NL","og_type":"article","og_title":"BizzLayer Data Management Software | SIENN","og_description":"Optimaliseer en maak uw bedrijfsprocessen inzichtelijk met de verschillende modules van het Bizzlayer concept van SIENN.","og_url":"https:\/\/www.sienn.com\/nl\/oplossingen\/bizzlayer\/","og_site_name":"SIENN","article_publisher":"https:\/\/www.facebook.com\/SIENN-119760834715069\/","article_modified_time":"2024-08-20T13:34:54+00:00","og_image":[{"width":1200,"height":630,"url":"https:\/\/www.sienn.com\/wp-content\/uploads\/2017\/08\/sienn-og-img-png.png","type":"image\/png"}],"twitter_card":"summary_large_image","twitter_site":"@SiennNL","twitter_misc":{"Geschatte leestijd":"3 minuten"},"schema":{"@context":"https:\/\/schema.org","@graph":[{"@type":"WebPage","@id":"https:\/\/www.sienn.com\/nl\/oplossingen\/bizzlayer\/","url":"https:\/\/www.sienn.com\/nl\/oplossingen\/bizzlayer\/","name":"BizzLayer Data Management Software | SIENN","isPartOf":{"@id":"https:\/\/www.sienn.com\/nl\/#website"},"datePublished":"2018-08-16T11:04:25+00:00","dateModified":"2024-08-20T13:34:54+00:00","description":"Optimaliseer en maak uw bedrijfsprocessen inzichtelijk met de verschillende modules van het Bizzlayer concept van SIENN.","breadcrumb":{"@id":"https:\/\/www.sienn.com\/nl\/oplossingen\/bizzlayer\/#breadcrumb"},"inLanguage":"nl-NL","potentialAction":[{"@type":"ReadAction","target":["https:\/\/www.sienn.com\/nl\/oplossingen\/bizzlayer\/"]}]},{"@type":"BreadcrumbList","@id":"https:\/\/www.sienn.com\/nl\/oplossingen\/bizzlayer\/#breadcrumb","itemListElement":[{"@type":"ListItem","position":1,"name":"Home","item":"https:\/\/www.sienn.com\/nl\/"},{"@type":"ListItem","position":2,"name":"Oplossingen","item":"https:\/\/www.sienn.com\/nl\/oplossingen\/"},{"@type":"ListItem","position":3,"name":"BizzLayer"}]},{"@type":"WebSite","@id":"https:\/\/www.sienn.com\/nl\/#website","url":"https:\/\/www.sienn.com\/nl\/","name":"SIENN","description":"Living Online Technology","publisher":{"@id":"https:\/\/www.sienn.com\/nl\/#organization"},"potentialAction":[{"@type":"SearchAction","target":{"@type":"EntryPoint","urlTemplate":"https:\/\/www.sienn.com\/nl\/?s={search_term_string}"},"query-input":{"@type":"PropertyValueSpecification","valueRequired":true,"valueName":"search_term_string"}}],"inLanguage":"nl-NL"},{"@type":"Organization","@id":"https:\/\/www.sienn.com\/nl\/#organization","name":"SIENN","url":"https:\/\/www.sienn.com\/nl\/","logo":{"@type":"ImageObject","inLanguage":"nl-NL","@id":"https:\/\/www.sienn.com\/nl\/#\/schema\/logo\/image\/","url":"https:\/\/sienn.com\/wp-content\/uploads\/2017\/07\/logo.png","contentUrl":"https:\/\/sienn.com\/wp-content\/uploads\/2017\/07\/logo.png","width":114,"height":28,"caption":"SIENN"},"image":{"@id":"https:\/\/www.sienn.com\/nl\/#\/schema\/logo\/image\/"},"sameAs":["https:\/\/www.facebook.com\/SIENN-119760834715069\/","https:\/\/x.com\/SiennNL","https:\/\/www.linkedin.com\/company-beta\/1524498\/","https:\/\/www.youtube.com\/user\/SIENNbenelux"]}]}},"_links":{"self":[{"href":"https:\/\/www.sienn.com\/nl\/wp-json\/wp\/v2\/pages\/4001","targetHints":{"allow":["GET"]}}],"collection":[{"href":"https:\/\/www.sienn.com\/nl\/wp-json\/wp\/v2\/pages"}],"about":[{"href":"https:\/\/www.sienn.com\/nl\/wp-json\/wp\/v2\/types\/page"}],"author":[{"embeddable":true,"href":"https:\/\/www.sienn.com\/nl\/wp-json\/wp\/v2\/users\/1"}],"replies":[{"embeddable":true,"href":"https:\/\/www.sienn.com\/nl\/wp-json\/wp\/v2\/comments?post=4001"}],"version-history":[{"count":5,"href":"https:\/\/www.sienn.com\/nl\/wp-json\/wp\/v2\/pages\/4001\/revisions"}],"predecessor-version":[{"id":7653,"href":"https:\/\/www.sienn.com\/nl\/wp-json\/wp\/v2\/pages\/4001\/revisions\/7653"}],"up":[{"embeddable":true,"href":"https:\/\/www.sienn.com\/nl\/wp-json\/wp\/v2\/pages\/1814"}],"wp:attachment":[{"href":"https:\/\/www.sienn.com\/nl\/wp-json\/wp\/v2\/media?parent=4001"}],"curies":[{"name":"wp","href":"https:\/\/api.w.org\/{rel}","templated":true}]}}