{"id":1912,"date":"2017-07-28T12:07:57","date_gmt":"2017-07-28T10:07:57","guid":{"rendered":"https:\/\/sienn.com\/?page_id=1912\/"},"modified":"2024-08-20T16:29:51","modified_gmt":"2024-08-20T14:29:51","slug":"webportal","status":"publish","type":"page","link":"https:\/\/www.sienn.com\/nl\/oplossingen\/bizzlayer\/webportal\/","title":{"rendered":"BizzLayer WebPortal"},"content":{"rendered":"<div class=\"wpb-content-wrapper\"><p>[vc_row css=&#8221;.vc_custom_1500635964468{margin-top: 80px !important;margin-bottom: 80px !important;}&#8221;][vc_column][dfd_heading subtitle=&#8221;Beheer en krijg toegang tot alle belangrijke informatie vanaf \u00e9\u00e9n centrale locatie.&#8221; enable_delimiter=&#8221;&#8221; undefined=&#8221;&#8221; title_font_options=&#8221;tag:h1|font_size:72|line_height:86&#8243; subtitle_font_options=&#8221;tag:h2|font_size:24|color:%23777777&#8243; tutorials=&#8221;&#8221;]WebPortal[\/dfd_heading][\/vc_column][\/vc_row][vc_row el_class=&#8221;image-left&#8221; dfd_bg_style=&#8221;image&#8221; dfd_bg_image_new=&#8221;2695&#8243; dfd_bg_image_repeat=&#8221;no-repeat&#8221; dfd_bg_image_size=&#8221;initial&#8221; dfd_image_bg_color=&#8221;#c2206a&#8221; dfd_bg_image_position=&#8221;center center&#8221; dfd_bg_image_new_responsive=&#8221;2695&#8243; dfd_bg_image_position_mobile=&#8221;left 10%&#8221; css=&#8221;.vc_custom_1501770418660{padding-top: 40px !important;padding-bottom: 40px !important;background-color: #c2206a !important;}&#8221;][vc_column width=&#8221;1\/2&#8243;][\/vc_column][vc_column width=&#8221;1\/2&#8243;][dfd_spacer screen_wide_spacer_size=&#8221;10&#8243; screen_normal_resolution=&#8221;800&#8243; screen_tablet_resolution=&#8221;640&#8243; screen_mobile_resolution=&#8221;&#8221; screen_normal_spacer_size=&#8221;300&#8243; screen_tablet_spacer_size=&#8221;0&#8243;][dfd_heading subtitle=&#8221;Het centraal beheren van informatie is cruciaal voor een effici\u00ebnt bedrijfsbeheer.&#8221; content_alignment=&#8221;text-left&#8221; enable_delimiter=&#8221;&#8221; heading_margin=&#8221;margin-bottom:30&#8243; undefined=&#8221;&#8221; title_font_options=&#8221;tag:h3|font_size:48|color:%23ffffff|line_height:55&#8243; subtitle_font_options=&#8221;tag:h4|font_size:32|color:%23ffffff|line_height:40&#8243; title_responsive=&#8221;font_size_tablet:35|line_height_tablet:40|font_size_mobile:30|line_height_mobile:35&#8243; subtitle_responsive=&#8221;font_size_tablet:25|line_height_tablet:30|font_size_mobile:23|line_height_mobile:28&#8243; tutorials=&#8221;&#8221;]BizzLayer WebPortal[\/dfd_heading][vc_column_text css=&#8221;.vc_custom_1501236539493{margin-bottom: 40px !important;}&#8221;]<span style=\"color: #ffffff;\">De ervaring leert ons dat het gebruik van de BizzLayer WebPortal voor gebruikers snel vertrouwd aanvoelt omdat de verschillende schermen lay-out technisch gelijk zijn. Dit zorgt voor een rustige en eenduidige omgeving die snel wordt geaccepteerd door de gebruikers, of dit nu op een desktop, laptop, tablet of smartphone is. <\/span><\/p>\n<p><span style=\"color: #ffffff;\">De lay-out past zich moeiteloos aan het schermformaat aan waardoor uw werknemers ook onderweg gebruik kunnen maken van de WebPortal. Bijvoorbeeld het presenteren van werkbonnen via een tablet, waarna de omschrijving van de werkzaamheden en een handtekening direct kunnen worden verwerkt zonder tussenkomst van papier.<\/span>[\/vc_column_text][dfd_spacer screen_wide_spacer_size=&#8221;120&#8243; screen_normal_resolution=&#8221;1024&#8243; screen_tablet_resolution=&#8221;800&#8243; screen_mobile_resolution=&#8221;480&#8243; screen_tablet_spacer_size=&#8221;50&#8243; screen_mobile_spacer_size=&#8221;0&#8243; screen_normal_spacer_size=&#8221;50&#8243;][\/vc_column][\/vc_row][vc_row css=&#8221;.vc_custom_1500540346974{padding-top: 80px !important;background-color: #f4f4f4 !important;}&#8221;][vc_column][dfd_heading subtitle=&#8221;&#8221; enable_delimiter=&#8221;&#8221; undefined=&#8221;&#8221; title_font_options=&#8221;tag:h3|font_size:48|color:%23333333&#8243; subtitle_font_options=&#8221;tag:div&#8221; title_responsive=&#8221;font_size_tablet:35|line_height_tablet:40|font_size_mobile:30|line_height_mobile:35&#8243;]Geavanceerd. Gebruiksvriendelijk. Modulair.[\/dfd_heading][dfd_spacer screen_wide_spacer_size=&#8221;40&#8243; screen_normal_resolution=&#8221;1024&#8243; screen_tablet_resolution=&#8221;800&#8243; screen_mobile_resolution=&#8221;480&#8243; screen_normal_spacer_size=&#8221;20&#8243; screen_tablet_spacer_size=&#8221;10&#8243; screen_mobile_spacer_size=&#8221;10&#8243;][\/vc_column][\/vc_row][vc_row css=&#8221;.vc_custom_1500541294943{padding-top: 20px !important;padding-bottom: 80px !important;background-color: #f4f4f4 !important;}&#8221;][vc_column width=&#8221;1\/2&#8243;][vc_row_inner][vc_column_inner][dfd_heading subtitle=&#8221;&#8221; content_alignment=&#8221;text-left&#8221; enable_delimiter=&#8221;&#8221; title_font_options=&#8221;tag:h2&#8243; subtitle_font_options=&#8221;tag:div&#8221;]Functionaliteiten[\/dfd_heading][\/vc_column_inner][\/vc_row_inner][vc_row_inner][vc_column_inner width=&#8221;1\/2&#8243; css=&#8221;.vc_custom_1500540539583{margin-bottom: 20px !important;}&#8221; col_inner_shadow=&#8221;box_shadow_enable:disable|shadow_horizontal:0|shadow_vertical:15|shadow_blur:50|shadow_spread:0|box_shadow_color:rgba(0%2C0%2C0%2C0.35)&#8221; col_inner_shadow_hover=&#8221;box_shadow_enable:disable|shadow_horizontal:0|shadow_vertical:15|shadow_blur:50|shadow_spread:0|box_shadow_color:rgba(0%2C0%2C0%2C0.35)&#8221;][vc_column_text css=&#8221;.vc_custom_1501745038652{margin-bottom: 10px !important;}&#8221;]<\/p>\n<ul>\n<li>Rechten en beveiliging<\/li>\n<li>Rapportages<\/li>\n<li>Vrije velden<\/li>\n<li>Vertalingen<\/li>\n<\/ul>\n<p>[\/vc_column_text][\/vc_column_inner][vc_column_inner width=&#8221;1\/2&#8243;][vc_column_text css=&#8221;.vc_custom_1501745054775{margin-bottom: 10px !important;}&#8221;]<\/p>\n<ul>\n<li>Automatische acties<\/li>\n<li>Notificaties<\/li>\n<li>Log<\/li>\n<li>Custom filters<\/li>\n<\/ul>\n<p>[\/vc_column_text][\/vc_column_inner][\/vc_row_inner][\/vc_column][vc_column width=&#8221;1\/2&#8243;][dfd_spacer screen_wide_spacer_size=&#8221;0&#8243; screen_normal_resolution=&#8221;1024&#8243; screen_tablet_resolution=&#8221;800&#8243; screen_mobile_resolution=&#8221;480&#8243; screen_tablet_spacer_size=&#8221;40&#8243; screen_mobile_spacer_size=&#8221;30&#8243;][dfd_single_image image=&#8221;2698&#8243;][\/vc_column][\/vc_row][vc_row css=&#8221;.vc_custom_1501160024434{padding-top: 100px !important;padding-bottom: 100px !important;}&#8221;][vc_column][dfd_heading subtitle=&#8221;&#8221; enable_delimiter=&#8221;&#8221; heading_margin=&#8221;margin-bottom:40&#8243; undefined=&#8221;&#8221; title_font_options=&#8221;tag:h5|font_size:48|line_height:55&#8243; subtitle_font_options=&#8221;tag:div|font_size:24|color:%23333333|line_height:35&#8243;]<\/p>\n<p id=\"selector-bf-597b05453421d\" class=\"vc_custom_heading vc_custom_1494315660744\">De voordelen van BizzLayer WebPortal<\/p>\n<p>[\/dfd_heading][vc_row_inner css=&#8221;.vc_custom_1501160401872{margin-top: 40px !important;}&#8221; el_class=&#8221;info-box-three-cols&#8221;][vc_column_inner width=&#8221;1\/3&#8243;][vc_column_text]<\/p>\n<div class=\"info-box-title dfd-content-title-big\">Gebruiksvriendelijk en flexibel<\/div>\n<p>Onge\u00ebvenaarde UX en usability zorgen ervoor dat gebruikers intu\u00eftief en effici\u00ebnt met het platform kunnen werken op ieder device met een actieve internetverbinding.[\/vc_column_text][dfd_spacer screen_wide_spacer_size=&#8221;0&#8243; screen_normal_resolution=&#8221;1024&#8243; screen_tablet_resolution=&#8221;800&#8243; screen_mobile_resolution=&#8221;640&#8243; screen_mobile_spacer_size=&#8221;50&#8243;][\/vc_column_inner][vc_column_inner width=&#8221;1\/3&#8243;][vc_column_text]<\/p>\n<div class=\"info-box-title dfd-content-title-big\">Geavanceerd gebruikersbeheer<\/div>\n<p>Houd, tot op individueel veldniveau, controle en inzicht in welke gegevens door welke gebruikers worden geraadpleegd, toegevoegd of gewijzigd.[\/vc_column_text][dfd_spacer screen_wide_spacer_size=&#8221;0&#8243; screen_normal_resolution=&#8221;1024&#8243; screen_tablet_resolution=&#8221;800&#8243; screen_mobile_resolution=&#8221;640&#8243; screen_mobile_spacer_size=&#8221;50&#8243;][\/vc_column_inner][vc_column_inner width=&#8221;1\/3&#8243;][vc_column_text]<\/p>\n<div class=\"info-box-title dfd-content-title-big\">Koppelingen<\/div>\n<p>In combinatie met BizzLayer DataSync kunnen talloze gegvens gecombineerd worden uit diverse systemen als ERP&#8217;s, CRM&#8217;s, administratieve pakketten, online bronnen en databases. Daarnaast zijn koppelingen mogelijk naar systemen van derden via alle gangbare methoden zoals webservices, APIs, bestandsuitwisseling etc.[\/vc_column_text][dfd_spacer screen_wide_spacer_size=&#8221;0&#8243; screen_normal_resolution=&#8221;1024&#8243; screen_tablet_resolution=&#8221;800&#8243; screen_mobile_resolution=&#8221;640&#8243; screen_mobile_spacer_size=&#8221;50&#8243;][\/vc_column_inner][\/vc_row_inner][vc_row_inner css=&#8221;.vc_custom_1501074208085{margin-top: 40px !important;}&#8221; el_class=&#8221;info-box-three-cols&#8221;][vc_column_inner width=&#8221;1\/3&#8243;][vc_column_text]<\/p>\n<div class=\"info-box-title dfd-content-title-big\">Business Consulting<\/div>\n<p>Voor een gerichte, snelle Return On Investment (ROI) bieden wij u business consulting aan bij de inrichting van de BizzLayer WebPortal. Onze business consultants werken samen met u aan de in te richten functionaliteit waarna ons nearshoring team het project snel en effici\u00ebnt oppakt.[\/vc_column_text][dfd_spacer screen_wide_spacer_size=&#8221;0&#8243; screen_normal_resolution=&#8221;1024&#8243; screen_tablet_resolution=&#8221;800&#8243; screen_mobile_resolution=&#8221;640&#8243; screen_mobile_spacer_size=&#8221;50&#8243;][\/vc_column_inner][vc_column_inner width=&#8221;1\/3&#8243;][vc_column_text]<\/p>\n<div class=\"info-box-title dfd-content-title-big\">Modulair<\/div>\n<p>Of u nu een order portal met custom specifieke businessrules, een CRM, document of product information management of klachtensysteem wenst, met onze modules zijn de mogelijkheden voor uw organisatie eindeloos.[\/vc_column_text][dfd_spacer screen_wide_spacer_size=&#8221;0&#8243; screen_normal_resolution=&#8221;1024&#8243; screen_tablet_resolution=&#8221;800&#8243; screen_mobile_resolution=&#8221;640&#8243; screen_mobile_spacer_size=&#8221;50&#8243;][\/vc_column_inner][vc_column_inner width=&#8221;1\/3&#8243;][vc_column_text]<\/p>\n<div class=\"info-box-title dfd-content-title-big\">Sturen op informatie<\/div>\n<p>Doordat u al uw systemen op de portal kunt aansluiten komt u in de gelegenheid om krachtige, unieke doorsnedes en analyses te maken. Hierdoor heeft u een krachtige business intelligence tool, direct in uw portal.[\/vc_column_text][dfd_spacer screen_wide_spacer_size=&#8221;0&#8243; screen_normal_resolution=&#8221;1024&#8243; screen_tablet_resolution=&#8221;800&#8243; screen_mobile_resolution=&#8221;640&#8243; screen_mobile_spacer_size=&#8221;50&#8243;][\/vc_column_inner][\/vc_row_inner][\/vc_column][\/vc_row]<\/p>\n<\/div>","protected":false},"excerpt":{"rendered":"<p>[vc_row css=&#8221;.vc_custom_1500635964468{margin-top: 80px !important;margin-bottom: 80px !important;}&#8221;][vc_column][dfd_heading subtitle=&#8221;Beheer en krijg toegang tot alle belangrijke informatie vanaf \u00e9\u00e9n centrale locatie.&#8221; enable_delimiter=&#8221;&#8221; undefined=&#8221;&#8221; title_font_options=&#8221;tag:h1|font_size:72|line_height:86&#8243; subtitle_font_options=&#8221;tag:h2|font_size:24|color:%23777777&#8243; tutorials=&#8221;&#8221;]WebPortal[\/dfd_heading][\/vc_column][\/vc_row][vc_row el_class=&#8221;image-left&#8221; dfd_bg_style=&#8221;image&#8221; dfd_bg_image_new=&#8221;2695&#8243; dfd_bg_image_repeat=&#8221;no-repeat&#8221; dfd_bg_image_size=&#8221;initial&#8221; dfd_image_bg_color=&#8221;#c2206a&#8221; dfd_bg_image_position=&#8221;center<\/p>\n","protected":false},"author":1,"featured_media":0,"parent":4001,"menu_order":0,"comment_status":"closed","ping_status":"closed","template":"tmp-page.php","meta":{"_acf_changed":false,"footnotes":""},"class_list":["post-1912","page","type-page","status-publish","hentry"],"acf":[],"yoast_head":"<!-- This site is optimized with the Yoast SEO plugin v24.4 - https:\/\/yoast.com\/wordpress\/plugins\/seo\/ -->\n<title>Bright Contact project | SIENN<\/title>\n<meta name=\"description\" content=\"Bright Contact zocht een mobiele uitbreiding voor de Genesys Workforce Optimization-suite. Ontdek hoe SIENN dit mogelijk maakte.\" \/>\n<meta name=\"robots\" content=\"index, follow, max-snippet:-1, max-image-preview:large, max-video-preview:-1\" \/>\n<link rel=\"canonical\" href=\"https:\/\/www.sienn.com\/nl\/oplossingen\/bizzlayer\/webportal\/\" \/>\n<meta property=\"og:locale\" content=\"nl_NL\" \/>\n<meta property=\"og:type\" content=\"article\" \/>\n<meta property=\"og:title\" content=\"Bright Contact project | SIENN\" \/>\n<meta property=\"og:description\" content=\"Bright Contact zocht een mobiele uitbreiding voor de Genesys Workforce Optimization-suite. Ontdek hoe SIENN dit mogelijk maakte.\" \/>\n<meta property=\"og:url\" content=\"https:\/\/www.sienn.com\/nl\/oplossingen\/bizzlayer\/webportal\/\" \/>\n<meta property=\"og:site_name\" content=\"SIENN\" \/>\n<meta property=\"article:publisher\" content=\"https:\/\/www.facebook.com\/SIENN-119760834715069\/\" \/>\n<meta property=\"article:modified_time\" content=\"2024-08-20T14:29:51+00:00\" \/>\n<meta property=\"og:image\" content=\"https:\/\/www.sienn.com\/wp-content\/uploads\/2017\/08\/sienn-og-img-png.png\" \/>\n\t<meta property=\"og:image:width\" content=\"1200\" \/>\n\t<meta property=\"og:image:height\" content=\"630\" \/>\n\t<meta property=\"og:image:type\" content=\"image\/png\" \/>\n<meta name=\"twitter:card\" content=\"summary_large_image\" \/>\n<meta name=\"twitter:site\" content=\"@SiennNL\" \/>\n<meta name=\"twitter:label1\" content=\"Geschatte leestijd\" \/>\n\t<meta name=\"twitter:data1\" content=\"3 minuten\" \/>\n<script type=\"application\/ld+json\" class=\"yoast-schema-graph\">{\"@context\":\"https:\/\/schema.org\",\"@graph\":[{\"@type\":\"WebPage\",\"@id\":\"https:\/\/www.sienn.com\/nl\/oplossingen\/bizzlayer\/webportal\/\",\"url\":\"https:\/\/www.sienn.com\/nl\/oplossingen\/bizzlayer\/webportal\/\",\"name\":\"Bright Contact project | SIENN\",\"isPartOf\":{\"@id\":\"https:\/\/www.sienn.com\/nl\/#website\"},\"datePublished\":\"2017-07-28T10:07:57+00:00\",\"dateModified\":\"2024-08-20T14:29:51+00:00\",\"description\":\"Bright Contact zocht een mobiele uitbreiding voor de Genesys Workforce Optimization-suite. Ontdek hoe SIENN dit mogelijk maakte.\",\"breadcrumb\":{\"@id\":\"https:\/\/www.sienn.com\/nl\/oplossingen\/bizzlayer\/webportal\/#breadcrumb\"},\"inLanguage\":\"nl-NL\",\"potentialAction\":[{\"@type\":\"ReadAction\",\"target\":[\"https:\/\/www.sienn.com\/nl\/oplossingen\/bizzlayer\/webportal\/\"]}]},{\"@type\":\"BreadcrumbList\",\"@id\":\"https:\/\/www.sienn.com\/nl\/oplossingen\/bizzlayer\/webportal\/#breadcrumb\",\"itemListElement\":[{\"@type\":\"ListItem\",\"position\":1,\"name\":\"Home\",\"item\":\"https:\/\/www.sienn.com\/nl\/\"},{\"@type\":\"ListItem\",\"position\":2,\"name\":\"Oplossingen\",\"item\":\"https:\/\/www.sienn.com\/nl\/oplossingen\/\"},{\"@type\":\"ListItem\",\"position\":3,\"name\":\"BizzLayer\",\"item\":\"https:\/\/www.sienn.com\/nl\/oplossingen\/bizzlayer\/\"},{\"@type\":\"ListItem\",\"position\":4,\"name\":\"BizzLayer WebPortal\"}]},{\"@type\":\"WebSite\",\"@id\":\"https:\/\/www.sienn.com\/nl\/#website\",\"url\":\"https:\/\/www.sienn.com\/nl\/\",\"name\":\"SIENN\",\"description\":\"Living Online Technology\",\"publisher\":{\"@id\":\"https:\/\/www.sienn.com\/nl\/#organization\"},\"potentialAction\":[{\"@type\":\"SearchAction\",\"target\":{\"@type\":\"EntryPoint\",\"urlTemplate\":\"https:\/\/www.sienn.com\/nl\/?s={search_term_string}\"},\"query-input\":{\"@type\":\"PropertyValueSpecification\",\"valueRequired\":true,\"valueName\":\"search_term_string\"}}],\"inLanguage\":\"nl-NL\"},{\"@type\":\"Organization\",\"@id\":\"https:\/\/www.sienn.com\/nl\/#organization\",\"name\":\"SIENN\",\"url\":\"https:\/\/www.sienn.com\/nl\/\",\"logo\":{\"@type\":\"ImageObject\",\"inLanguage\":\"nl-NL\",\"@id\":\"https:\/\/www.sienn.com\/nl\/#\/schema\/logo\/image\/\",\"url\":\"https:\/\/sienn.com\/wp-content\/uploads\/2017\/07\/logo.png\",\"contentUrl\":\"https:\/\/sienn.com\/wp-content\/uploads\/2017\/07\/logo.png\",\"width\":114,\"height\":28,\"caption\":\"SIENN\"},\"image\":{\"@id\":\"https:\/\/www.sienn.com\/nl\/#\/schema\/logo\/image\/\"},\"sameAs\":[\"https:\/\/www.facebook.com\/SIENN-119760834715069\/\",\"https:\/\/x.com\/SiennNL\",\"https:\/\/www.linkedin.com\/company-beta\/1524498\/\",\"https:\/\/www.youtube.com\/user\/SIENNbenelux\"]}]}<\/script>\n<!-- \/ Yoast SEO plugin. -->","yoast_head_json":{"title":"Bright Contact project | SIENN","description":"Bright Contact zocht een mobiele uitbreiding voor de Genesys Workforce Optimization-suite. Ontdek hoe SIENN dit mogelijk maakte.","robots":{"index":"index","follow":"follow","max-snippet":"max-snippet:-1","max-image-preview":"max-image-preview:large","max-video-preview":"max-video-preview:-1"},"canonical":"https:\/\/www.sienn.com\/nl\/oplossingen\/bizzlayer\/webportal\/","og_locale":"nl_NL","og_type":"article","og_title":"Bright Contact project | SIENN","og_description":"Bright Contact zocht een mobiele uitbreiding voor de Genesys Workforce Optimization-suite. Ontdek hoe SIENN dit mogelijk maakte.","og_url":"https:\/\/www.sienn.com\/nl\/oplossingen\/bizzlayer\/webportal\/","og_site_name":"SIENN","article_publisher":"https:\/\/www.facebook.com\/SIENN-119760834715069\/","article_modified_time":"2024-08-20T14:29:51+00:00","og_image":[{"width":1200,"height":630,"url":"https:\/\/www.sienn.com\/wp-content\/uploads\/2017\/08\/sienn-og-img-png.png","type":"image\/png"}],"twitter_card":"summary_large_image","twitter_site":"@SiennNL","twitter_misc":{"Geschatte leestijd":"3 minuten"},"schema":{"@context":"https:\/\/schema.org","@graph":[{"@type":"WebPage","@id":"https:\/\/www.sienn.com\/nl\/oplossingen\/bizzlayer\/webportal\/","url":"https:\/\/www.sienn.com\/nl\/oplossingen\/bizzlayer\/webportal\/","name":"Bright Contact project | SIENN","isPartOf":{"@id":"https:\/\/www.sienn.com\/nl\/#website"},"datePublished":"2017-07-28T10:07:57+00:00","dateModified":"2024-08-20T14:29:51+00:00","description":"Bright Contact zocht een mobiele uitbreiding voor de Genesys Workforce Optimization-suite. Ontdek hoe SIENN dit mogelijk maakte.","breadcrumb":{"@id":"https:\/\/www.sienn.com\/nl\/oplossingen\/bizzlayer\/webportal\/#breadcrumb"},"inLanguage":"nl-NL","potentialAction":[{"@type":"ReadAction","target":["https:\/\/www.sienn.com\/nl\/oplossingen\/bizzlayer\/webportal\/"]}]},{"@type":"BreadcrumbList","@id":"https:\/\/www.sienn.com\/nl\/oplossingen\/bizzlayer\/webportal\/#breadcrumb","itemListElement":[{"@type":"ListItem","position":1,"name":"Home","item":"https:\/\/www.sienn.com\/nl\/"},{"@type":"ListItem","position":2,"name":"Oplossingen","item":"https:\/\/www.sienn.com\/nl\/oplossingen\/"},{"@type":"ListItem","position":3,"name":"BizzLayer","item":"https:\/\/www.sienn.com\/nl\/oplossingen\/bizzlayer\/"},{"@type":"ListItem","position":4,"name":"BizzLayer WebPortal"}]},{"@type":"WebSite","@id":"https:\/\/www.sienn.com\/nl\/#website","url":"https:\/\/www.sienn.com\/nl\/","name":"SIENN","description":"Living Online Technology","publisher":{"@id":"https:\/\/www.sienn.com\/nl\/#organization"},"potentialAction":[{"@type":"SearchAction","target":{"@type":"EntryPoint","urlTemplate":"https:\/\/www.sienn.com\/nl\/?s={search_term_string}"},"query-input":{"@type":"PropertyValueSpecification","valueRequired":true,"valueName":"search_term_string"}}],"inLanguage":"nl-NL"},{"@type":"Organization","@id":"https:\/\/www.sienn.com\/nl\/#organization","name":"SIENN","url":"https:\/\/www.sienn.com\/nl\/","logo":{"@type":"ImageObject","inLanguage":"nl-NL","@id":"https:\/\/www.sienn.com\/nl\/#\/schema\/logo\/image\/","url":"https:\/\/sienn.com\/wp-content\/uploads\/2017\/07\/logo.png","contentUrl":"https:\/\/sienn.com\/wp-content\/uploads\/2017\/07\/logo.png","width":114,"height":28,"caption":"SIENN"},"image":{"@id":"https:\/\/www.sienn.com\/nl\/#\/schema\/logo\/image\/"},"sameAs":["https:\/\/www.facebook.com\/SIENN-119760834715069\/","https:\/\/x.com\/SiennNL","https:\/\/www.linkedin.com\/company-beta\/1524498\/","https:\/\/www.youtube.com\/user\/SIENNbenelux"]}]}},"_links":{"self":[{"href":"https:\/\/www.sienn.com\/nl\/wp-json\/wp\/v2\/pages\/1912","targetHints":{"allow":["GET"]}}],"collection":[{"href":"https:\/\/www.sienn.com\/nl\/wp-json\/wp\/v2\/pages"}],"about":[{"href":"https:\/\/www.sienn.com\/nl\/wp-json\/wp\/v2\/types\/page"}],"author":[{"embeddable":true,"href":"https:\/\/www.sienn.com\/nl\/wp-json\/wp\/v2\/users\/1"}],"replies":[{"embeddable":true,"href":"https:\/\/www.sienn.com\/nl\/wp-json\/wp\/v2\/comments?post=1912"}],"version-history":[{"count":5,"href":"https:\/\/www.sienn.com\/nl\/wp-json\/wp\/v2\/pages\/1912\/revisions"}],"predecessor-version":[{"id":2997,"href":"https:\/\/www.sienn.com\/nl\/wp-json\/wp\/v2\/pages\/1912\/revisions\/2997"}],"up":[{"embeddable":true,"href":"https:\/\/www.sienn.com\/nl\/wp-json\/wp\/v2\/pages\/4001"}],"wp:attachment":[{"href":"https:\/\/www.sienn.com\/nl\/wp-json\/wp\/v2\/media?parent=1912"}],"curies":[{"name":"wp","href":"https:\/\/api.w.org\/{rel}","templated":true}]}}