{"id":1865,"date":"2017-07-28T10:53:08","date_gmt":"2017-07-28T08:53:08","guid":{"rendered":"https:\/\/sienn.com\/?page_id=1865\/"},"modified":"2024-08-20T15:44:24","modified_gmt":"2024-08-20T13:44:24","slug":"data-ontsluiting","status":"publish","type":"page","link":"https:\/\/www.sienn.com\/nl\/oplossingen\/data-ontsluiting\/","title":{"rendered":"Data Ontsluiting"},"content":{"rendered":"<div class=\"wpb-content-wrapper\"><p>[vc_row css=&#8221;.vc_custom_1500635964468{margin-top: 80px !important;margin-bottom: 80px !important;}&#8221;][vc_column][dfd_heading subtitle=&#8221;Laat uw data voor u werken.&#8221; enable_delimiter=&#8221;&#8221; undefined=&#8221;&#8221; title_font_options=&#8221;tag:h1|font_size:72|line_height:86&#8243; subtitle_font_options=&#8221;tag:h2|font_size:24|color:%23777777&#8243;]Data Ontsluiting[\/dfd_heading][\/vc_column][\/vc_row][vc_row el_class=&#8221;image-left&#8221; dfd_bg_style=&#8221;image&#8221; dfd_bg_image_new=&#8221;1033&#8243; dfd_bg_image_repeat=&#8221;no-repeat&#8221; dfd_bg_image_size=&#8221;contain&#8221; dfd_image_bg_color=&#8221;#c2206a&#8221; dfd_bg_image_position=&#8221;left center&#8221; dfd_bg_image_new_responsive=&#8221;1033&#8243; dfd_bg_image_position_mobile=&#8221;left 10%&#8221; css=&#8221;.vc_custom_1501160546422{padding-top: 40px !important;padding-bottom: 40px !important;background-color: #c2206a !important;}&#8221;][vc_column width=&#8221;1\/2&#8243;][\/vc_column][vc_column width=&#8221;1\/2&#8243;][dfd_spacer screen_wide_spacer_size=&#8221;10&#8243; screen_normal_resolution=&#8221;800&#8243; screen_tablet_resolution=&#8221;640&#8243; screen_mobile_resolution=&#8221;&#8221; screen_normal_spacer_size=&#8221;300&#8243; screen_tablet_spacer_size=&#8221;0&#8243;][dfd_heading subtitle=&#8221;&#8220;Centraal beheren van data is van cruciaal belang voor een juiste bedrijfsvoering.&#8220;&#8221; content_alignment=&#8221;text-left&#8221; enable_delimiter=&#8221;&#8221; heading_margin=&#8221;margin-bottom:30&#8243; undefined=&#8221;&#8221; title_font_options=&#8221;tag:h3|font_size:48|color:%23ffffff|line_height:55&#8243; subtitle_font_options=&#8221;tag:h4|font_size:32|color:%23ffffff|line_height:40&#8243; title_responsive=&#8221;font_size_tablet:35|line_height_tablet:40|font_size_mobile:30|line_height_mobile:35&#8243; subtitle_responsive=&#8221;font_size_tablet:25|line_height_tablet:30|font_size_mobile:23|line_height_mobile:28&#8243; tutorials=&#8221;&#8221; subheading_margin=&#8221;margin-bottom:30&#8243;]<\/p>\n<p id=\"selector-bf-597afab7269bd\" class=\"vc_custom_heading vc_custom_1494495776126\">Naadloze integratie van systemen<\/p>\n<p>[\/dfd_heading][vc_column_text css=&#8221;.vc_custom_1501857557230{margin-bottom: 40px !important;}&#8221;]<span style=\"color: #ffffff;\">Door verschillende koppelingen aan te brengen tussen de verschillende systemen van een onderneming ontstaat er een gestroomlijnde bedrijfsvoering. SIENN onderscheidt zich in het op \u00e9\u00e9n centrale plaats beheersbaar en toegankelijk maken van alle essenti\u00eble data.<\/span><\/p>\n<p><span style=\"color: #ffffff;\">Enterprise Resource Planning (ERP) en Customer Relationship Management (CRM) software zijn de twee voornaamste sleutels tot moderne bedrijfsgroei. Wilt u uw systemen verbeteren of koppelen, dan staan wij u graag bij met een oplossing die uw systemen en bedrijfsvoering naadloos op elkaar aan laat sluiten.<\/span>[\/vc_column_text][dfd_spacer screen_wide_spacer_size=&#8221;120&#8243; screen_normal_resolution=&#8221;1024&#8243; screen_tablet_resolution=&#8221;800&#8243; screen_mobile_resolution=&#8221;480&#8243; screen_tablet_spacer_size=&#8221;50&#8243; screen_mobile_spacer_size=&#8221;0&#8243; screen_normal_spacer_size=&#8221;50&#8243;][\/vc_column][\/vc_row][vc_row css=&#8221;.vc_custom_1500540346974{padding-top: 80px !important;background-color: #f4f4f4 !important;}&#8221;][vc_column][dfd_heading subtitle=&#8221;&#8221; enable_delimiter=&#8221;&#8221; undefined=&#8221;&#8221; title_font_options=&#8221;tag:h3|font_size:48|color:%23333333&#8243; subtitle_font_options=&#8221;tag:div&#8221; title_responsive=&#8221;font_size_tablet:35|line_height_tablet:40|font_size_mobile:30|line_height_mobile:35&#8243;]Tooling en kennis[\/dfd_heading][dfd_spacer screen_wide_spacer_size=&#8221;40&#8243; screen_normal_resolution=&#8221;1024&#8243; screen_tablet_resolution=&#8221;800&#8243; screen_mobile_resolution=&#8221;480&#8243; screen_normal_spacer_size=&#8221;20&#8243; screen_tablet_spacer_size=&#8221;10&#8243; screen_mobile_spacer_size=&#8221;10&#8243;][\/vc_column][\/vc_row][vc_row css=&#8221;.vc_custom_1500541294943{padding-top: 20px !important;padding-bottom: 80px !important;background-color: #f4f4f4 !important;}&#8221;][vc_column width=&#8221;1\/2&#8243;][vc_row_inner][vc_column_inner css=&#8221;.vc_custom_1500540539583{margin-bottom: 20px !important;}&#8221; col_inner_shadow=&#8221;box_shadow_enable:disable|shadow_horizontal:0|shadow_vertical:15|shadow_blur:50|shadow_spread:0|box_shadow_color:rgba(0%2C0%2C0%2C0.35)&#8221; col_inner_shadow_hover=&#8221;box_shadow_enable:disable|shadow_horizontal:0|shadow_vertical:15|shadow_blur:50|shadow_spread:0|box_shadow_color:rgba(0%2C0%2C0%2C0.35)&#8221;][dfd_heading subtitle=&#8221;&#8221; content_alignment=&#8221;text-left&#8221; enable_delimiter=&#8221;&#8221; title_font_options=&#8221;tag:h2|font_size:30&#8243; subtitle_font_options=&#8221;tag:div&#8221; heading_margin=&#8221;margin-bottom:40&#8243; title_responsive=&#8221;font_size_tablet:25|line_height_tablet:30|font_size_mobile:23|line_height_mobile:28&#8243;]Het centraal beheren van data is van cruciaal belang voor een juiste bedrijfsvoering.[\/dfd_heading][vc_column_text css=&#8221;.vc_custom_1501672460166{margin-bottom: 10px !important;}&#8221;]Aangezien al onze ontwikkelingen web-based zijn, heeft u de keuze uw systemen overal te benaderen en toegankelijk te maken, of deze toegankelijkheid juist te beperken tot de door u geautoriseerde locaties.[\/vc_column_text][vc_column_text css=&#8221;.vc_custom_1501857638789{margin-bottom: 10px !important;}&#8221;]SIENN kan iedere gewenste koppeling tussen uw systemen realiseren. Zo kunt u ook uw ERP \/ CRM aan de andere computersystemen van uw bedrijf koppelen. Zo ontstaat een krachtige samenwerking die effectief kostenbesparend werkt. Middels dashboarding maken wij alle relevante management voor u inzichtelijk zodat u op basis van de laatste informatie kunt beslissen en handelen.<\/p>\n<p>Wij bieden u de tools en juiste know-how voor een optimale bedrijfsvoering. Door samen te werken met o.a. Microsoft, Unit4 en SAP streven wij naar op maat gemaakte, veilige dataconnectiviteit tussen de verschillende bedrijfssystemen.[\/vc_column_text][\/vc_column_inner][\/vc_row_inner][\/vc_column][vc_column width=&#8221;1\/2&#8243;][dfd_spacer screen_wide_spacer_size=&#8221;0&#8243; screen_normal_resolution=&#8221;1024&#8243; screen_tablet_resolution=&#8221;800&#8243; screen_mobile_resolution=&#8221;480&#8243; screen_tablet_spacer_size=&#8221;40&#8243; screen_mobile_spacer_size=&#8221;30&#8243;][dfd_single_image image=&#8221;2748&#8243;][\/vc_column][\/vc_row][vc_row css=&#8221;.vc_custom_1501160024434{padding-top: 100px !important;padding-bottom: 100px !important;}&#8221;][vc_column][dfd_heading subtitle=&#8221;&#8221; enable_delimiter=&#8221;&#8221; heading_margin=&#8221;margin-bottom:40&#8243; undefined=&#8221;&#8221; title_font_options=&#8221;tag:h5|font_size:48|line_height:55&#8243; subtitle_font_options=&#8221;tag:div|font_size:24|color:%23333333|line_height:35&#8243;]<\/p>\n<p id=\"selector-bf-597afab72844b\" class=\"vc_custom_heading vc_custom_1495026314096\">Onze data ontsluiting oplossingen<\/p>\n<p>[\/dfd_heading][\/vc_column][\/vc_row][vc_row force_equal_height_columns=&#8221;main_row&#8221; css=&#8221;.vc_custom_1501677015008{margin-bottom: 45px !important;}&#8221;][vc_column width=&#8221;1\/4&#8243;][dfd_single_image image=&#8221;2526&#8243;][\/vc_column][vc_column width=&#8221;3\/4&#8243;][dfd_heading subtitle=&#8221;&#8221; content_alignment=&#8221;text-left&#8221; enable_delimiter=&#8221;&#8221; el_class=&#8221;bold&#8221; title_font_options=&#8221;tag:h2|font_size:24|line_height:32&#8243; subtitle_font_options=&#8221;tag:div&#8221;]ERP \/ CRM[\/dfd_heading][vc_column_text]Iedere gewenste koppeling tussen uw systemen kunnen wij realiseren. Zo kunt u ook uw ERP \/ CRM aan de andere computersystemen van uw bedrijf koppelen. Zo ontstaat een krachtige samenwerking die effectief kostenbesparend werkt. Middels dashboarding maken wij alle relevante management voor u inzichtelijk zodat u op basis van de laatste informatie kunt beslissen en handelen.[\/vc_column_text][\/vc_column][\/vc_row][vc_row force_equal_height_columns=&#8221;main_row&#8221; css=&#8221;.vc_custom_1501676977201{margin-bottom: 45px !important;}&#8221;][vc_column width=&#8221;1\/4&#8243;][dfd_single_image image=&#8221;2530&#8243;][\/vc_column][vc_column width=&#8221;3\/4&#8243;][dfd_heading subtitle=&#8221;&#8221; content_alignment=&#8221;text-left&#8221; enable_delimiter=&#8221;&#8221; el_class=&#8221;bold&#8221; title_font_options=&#8221;tag:h2|font_size:24|line_height:32&#8243; subtitle_font_options=&#8221;tag:div&#8221;]UNIT4[\/dfd_heading][vc_column_text]Met Unit4 beheert u uw volledige bedrijfsvoering via \u00e9\u00e9n ge\u00efntegreerd en cloudgebaseerd ERP-pakket. Onze oplossingen zijn ontworpen rond de mensen die ze gebruiken. Dit maakt implementatie makkelijk en het gebruik een plezier. De aantoonbare voordelen van onze oplossingen zijn snel realiseerbaar en ze zijn eenvoudig aan te passen.[\/vc_column_text][\/vc_column][\/vc_row][vc_row force_equal_height_columns=&#8221;main_row&#8221; css=&#8221;.vc_custom_1501676998936{margin-bottom: 45px !important;}&#8221;][vc_column width=&#8221;1\/4&#8243;][dfd_single_image image=&#8221;2528&#8243;][\/vc_column][vc_column width=&#8221;3\/4&#8243;][dfd_heading subtitle=&#8221;&#8221; content_alignment=&#8221;text-left&#8221; enable_delimiter=&#8221;&#8221; el_class=&#8221;bold&#8221; title_font_options=&#8221;tag:h2|font_size:24|line_height:32&#8243; subtitle_font_options=&#8221;tag:div&#8221;]SAP[\/dfd_heading][vc_column_text]Automatiseer alle aspecten van uw onderneming met software van SAP: On-premise of in de cloud. Onze schaalbare bedrijfssoftware ondersteunt uw ERP, HR, e-commerce, analytics en verslaglegging, om maar een paar voorbeelden te noemen. Meer dan 250.000 MKB-klanten hebben al ontdekt dat SAP altijd meegroeit, ongeacht de koers die uw bedrijf volgt.[\/vc_column_text][\/vc_column][\/vc_row][vc_row force_equal_height_columns=&#8221;main_row&#8221; css=&#8221;.vc_custom_1501677006168{margin-bottom: 45px !important;}&#8221;][vc_column width=&#8221;1\/4&#8243;][dfd_single_image image=&#8221;2527&#8243;][\/vc_column][vc_column width=&#8221;3\/4&#8243;][dfd_heading subtitle=&#8221;&#8221; content_alignment=&#8221;text-left&#8221; enable_delimiter=&#8221;&#8221; el_class=&#8221;bold&#8221; title_font_options=&#8221;tag:h2|font_size:24|line_height:32&#8243; subtitle_font_options=&#8221;tag:div&#8221;]Microsoft Dynamics NAV \/ AX[\/dfd_heading][vc_column_text]Microsoft Dynamics NAV \/ AX is een wereldwijde ERP-oplossing (Enterprise Resource Planning) die kleine en middelgrote bedrijven controle geeft over financi\u00ebn en die toelevering, productie en bedrijfsactiviteiten vereenvoudigt. Microsoft Dynamics NAV \/ AX is snel te implementeren en eenvoudig in gebruik. Bovendien ondersteunt het in verdere groei van uw bedrijf.[\/vc_column_text][\/vc_column][\/vc_row]<\/p>\n<\/div>","protected":false},"excerpt":{"rendered":"<p>[vc_row css=&#8221;.vc_custom_1500635964468{margin-top: 80px !important;margin-bottom: 80px !important;}&#8221;][vc_column][dfd_heading subtitle=&#8221;Laat uw data voor u werken.&#8221; enable_delimiter=&#8221;&#8221; undefined=&#8221;&#8221; title_font_options=&#8221;tag:h1|font_size:72|line_height:86&#8243; subtitle_font_options=&#8221;tag:h2|font_size:24|color:%23777777&#8243;]Data Ontsluiting[\/dfd_heading][\/vc_column][\/vc_row][vc_row el_class=&#8221;image-left&#8221; dfd_bg_style=&#8221;image&#8221; dfd_bg_image_new=&#8221;1033&#8243; dfd_bg_image_repeat=&#8221;no-repeat&#8221; dfd_bg_image_size=&#8221;contain&#8221; dfd_image_bg_color=&#8221;#c2206a&#8221; dfd_bg_image_position=&#8221;left center&#8221; dfd_bg_image_new_responsive=&#8221;1033&#8243; dfd_bg_image_position_mobile=&#8221;left 10%&#8221; css=&#8221;.vc_custom_1501160546422{padding-top: 40px<\/p>\n","protected":false},"author":1,"featured_media":0,"parent":1814,"menu_order":0,"comment_status":"closed","ping_status":"closed","template":"tmp-page.php","meta":{"_acf_changed":false,"footnotes":""},"class_list":["post-1865","page","type-page","status-publish","hentry"],"acf":[],"yoast_head":"<!-- This site is optimized with the Yoast SEO plugin v24.4 - https:\/\/yoast.com\/wordpress\/plugins\/seo\/ -->\n<title>Data Ontsluiting oplossingen | SIENN<\/title>\n<meta name=\"description\" content=\"Centraal beheren van jouw data met de data ontsluiting oplossingen van SIENN. Met een dashboard zie je alle relevante data van uw onderneming in een overzicht.\" \/>\n<meta name=\"robots\" content=\"index, follow, max-snippet:-1, max-image-preview:large, max-video-preview:-1\" \/>\n<link rel=\"canonical\" href=\"https:\/\/www.sienn.com\/nl\/oplossingen\/data-ontsluiting\/\" \/>\n<meta property=\"og:locale\" content=\"nl_NL\" \/>\n<meta property=\"og:type\" content=\"article\" \/>\n<meta property=\"og:title\" content=\"Data Ontsluiting oplossingen | SIENN\" \/>\n<meta property=\"og:description\" content=\"Centraal beheren van jouw data met de data ontsluiting oplossingen van SIENN. Met een dashboard zie je alle relevante data van uw onderneming in een overzicht.\" \/>\n<meta property=\"og:url\" content=\"https:\/\/www.sienn.com\/nl\/oplossingen\/data-ontsluiting\/\" \/>\n<meta property=\"og:site_name\" content=\"SIENN\" \/>\n<meta property=\"article:publisher\" content=\"https:\/\/www.facebook.com\/SIENN-119760834715069\/\" \/>\n<meta property=\"article:modified_time\" content=\"2024-08-20T13:44:24+00:00\" \/>\n<meta property=\"og:image\" content=\"https:\/\/www.sienn.com\/wp-content\/uploads\/2017\/08\/sienn-og-img-png.png\" \/>\n\t<meta property=\"og:image:width\" content=\"1200\" \/>\n\t<meta property=\"og:image:height\" content=\"630\" \/>\n\t<meta property=\"og:image:type\" content=\"image\/png\" \/>\n<meta name=\"twitter:card\" content=\"summary_large_image\" \/>\n<meta name=\"twitter:site\" content=\"@SiennNL\" \/>\n<meta name=\"twitter:label1\" content=\"Geschatte leestijd\" \/>\n\t<meta name=\"twitter:data1\" content=\"4 minuten\" \/>\n<script type=\"application\/ld+json\" class=\"yoast-schema-graph\">{\"@context\":\"https:\/\/schema.org\",\"@graph\":[{\"@type\":\"WebPage\",\"@id\":\"https:\/\/www.sienn.com\/nl\/oplossingen\/data-ontsluiting\/\",\"url\":\"https:\/\/www.sienn.com\/nl\/oplossingen\/data-ontsluiting\/\",\"name\":\"Data Ontsluiting oplossingen | SIENN\",\"isPartOf\":{\"@id\":\"https:\/\/www.sienn.com\/nl\/#website\"},\"datePublished\":\"2017-07-28T08:53:08+00:00\",\"dateModified\":\"2024-08-20T13:44:24+00:00\",\"description\":\"Centraal beheren van jouw data met de data ontsluiting oplossingen van SIENN. Met een dashboard zie je alle relevante data van uw onderneming in een overzicht.\",\"breadcrumb\":{\"@id\":\"https:\/\/www.sienn.com\/nl\/oplossingen\/data-ontsluiting\/#breadcrumb\"},\"inLanguage\":\"nl-NL\",\"potentialAction\":[{\"@type\":\"ReadAction\",\"target\":[\"https:\/\/www.sienn.com\/nl\/oplossingen\/data-ontsluiting\/\"]}]},{\"@type\":\"BreadcrumbList\",\"@id\":\"https:\/\/www.sienn.com\/nl\/oplossingen\/data-ontsluiting\/#breadcrumb\",\"itemListElement\":[{\"@type\":\"ListItem\",\"position\":1,\"name\":\"Home\",\"item\":\"https:\/\/www.sienn.com\/nl\/\"},{\"@type\":\"ListItem\",\"position\":2,\"name\":\"Oplossingen\",\"item\":\"https:\/\/www.sienn.com\/nl\/oplossingen\/\"},{\"@type\":\"ListItem\",\"position\":3,\"name\":\"Data Ontsluiting\"}]},{\"@type\":\"WebSite\",\"@id\":\"https:\/\/www.sienn.com\/nl\/#website\",\"url\":\"https:\/\/www.sienn.com\/nl\/\",\"name\":\"SIENN\",\"description\":\"Living Online Technology\",\"publisher\":{\"@id\":\"https:\/\/www.sienn.com\/nl\/#organization\"},\"potentialAction\":[{\"@type\":\"SearchAction\",\"target\":{\"@type\":\"EntryPoint\",\"urlTemplate\":\"https:\/\/www.sienn.com\/nl\/?s={search_term_string}\"},\"query-input\":{\"@type\":\"PropertyValueSpecification\",\"valueRequired\":true,\"valueName\":\"search_term_string\"}}],\"inLanguage\":\"nl-NL\"},{\"@type\":\"Organization\",\"@id\":\"https:\/\/www.sienn.com\/nl\/#organization\",\"name\":\"SIENN\",\"url\":\"https:\/\/www.sienn.com\/nl\/\",\"logo\":{\"@type\":\"ImageObject\",\"inLanguage\":\"nl-NL\",\"@id\":\"https:\/\/www.sienn.com\/nl\/#\/schema\/logo\/image\/\",\"url\":\"https:\/\/sienn.com\/wp-content\/uploads\/2017\/07\/logo.png\",\"contentUrl\":\"https:\/\/sienn.com\/wp-content\/uploads\/2017\/07\/logo.png\",\"width\":114,\"height\":28,\"caption\":\"SIENN\"},\"image\":{\"@id\":\"https:\/\/www.sienn.com\/nl\/#\/schema\/logo\/image\/\"},\"sameAs\":[\"https:\/\/www.facebook.com\/SIENN-119760834715069\/\",\"https:\/\/x.com\/SiennNL\",\"https:\/\/www.linkedin.com\/company-beta\/1524498\/\",\"https:\/\/www.youtube.com\/user\/SIENNbenelux\"]}]}<\/script>\n<!-- \/ Yoast SEO plugin. -->","yoast_head_json":{"title":"Data Ontsluiting oplossingen | SIENN","description":"Centraal beheren van jouw data met de data ontsluiting oplossingen van SIENN. Met een dashboard zie je alle relevante data van uw onderneming in een overzicht.","robots":{"index":"index","follow":"follow","max-snippet":"max-snippet:-1","max-image-preview":"max-image-preview:large","max-video-preview":"max-video-preview:-1"},"canonical":"https:\/\/www.sienn.com\/nl\/oplossingen\/data-ontsluiting\/","og_locale":"nl_NL","og_type":"article","og_title":"Data Ontsluiting oplossingen | SIENN","og_description":"Centraal beheren van jouw data met de data ontsluiting oplossingen van SIENN. Met een dashboard zie je alle relevante data van uw onderneming in een overzicht.","og_url":"https:\/\/www.sienn.com\/nl\/oplossingen\/data-ontsluiting\/","og_site_name":"SIENN","article_publisher":"https:\/\/www.facebook.com\/SIENN-119760834715069\/","article_modified_time":"2024-08-20T13:44:24+00:00","og_image":[{"width":1200,"height":630,"url":"https:\/\/www.sienn.com\/wp-content\/uploads\/2017\/08\/sienn-og-img-png.png","type":"image\/png"}],"twitter_card":"summary_large_image","twitter_site":"@SiennNL","twitter_misc":{"Geschatte leestijd":"4 minuten"},"schema":{"@context":"https:\/\/schema.org","@graph":[{"@type":"WebPage","@id":"https:\/\/www.sienn.com\/nl\/oplossingen\/data-ontsluiting\/","url":"https:\/\/www.sienn.com\/nl\/oplossingen\/data-ontsluiting\/","name":"Data Ontsluiting oplossingen | SIENN","isPartOf":{"@id":"https:\/\/www.sienn.com\/nl\/#website"},"datePublished":"2017-07-28T08:53:08+00:00","dateModified":"2024-08-20T13:44:24+00:00","description":"Centraal beheren van jouw data met de data ontsluiting oplossingen van SIENN. Met een dashboard zie je alle relevante data van uw onderneming in een overzicht.","breadcrumb":{"@id":"https:\/\/www.sienn.com\/nl\/oplossingen\/data-ontsluiting\/#breadcrumb"},"inLanguage":"nl-NL","potentialAction":[{"@type":"ReadAction","target":["https:\/\/www.sienn.com\/nl\/oplossingen\/data-ontsluiting\/"]}]},{"@type":"BreadcrumbList","@id":"https:\/\/www.sienn.com\/nl\/oplossingen\/data-ontsluiting\/#breadcrumb","itemListElement":[{"@type":"ListItem","position":1,"name":"Home","item":"https:\/\/www.sienn.com\/nl\/"},{"@type":"ListItem","position":2,"name":"Oplossingen","item":"https:\/\/www.sienn.com\/nl\/oplossingen\/"},{"@type":"ListItem","position":3,"name":"Data Ontsluiting"}]},{"@type":"WebSite","@id":"https:\/\/www.sienn.com\/nl\/#website","url":"https:\/\/www.sienn.com\/nl\/","name":"SIENN","description":"Living Online Technology","publisher":{"@id":"https:\/\/www.sienn.com\/nl\/#organization"},"potentialAction":[{"@type":"SearchAction","target":{"@type":"EntryPoint","urlTemplate":"https:\/\/www.sienn.com\/nl\/?s={search_term_string}"},"query-input":{"@type":"PropertyValueSpecification","valueRequired":true,"valueName":"search_term_string"}}],"inLanguage":"nl-NL"},{"@type":"Organization","@id":"https:\/\/www.sienn.com\/nl\/#organization","name":"SIENN","url":"https:\/\/www.sienn.com\/nl\/","logo":{"@type":"ImageObject","inLanguage":"nl-NL","@id":"https:\/\/www.sienn.com\/nl\/#\/schema\/logo\/image\/","url":"https:\/\/sienn.com\/wp-content\/uploads\/2017\/07\/logo.png","contentUrl":"https:\/\/sienn.com\/wp-content\/uploads\/2017\/07\/logo.png","width":114,"height":28,"caption":"SIENN"},"image":{"@id":"https:\/\/www.sienn.com\/nl\/#\/schema\/logo\/image\/"},"sameAs":["https:\/\/www.facebook.com\/SIENN-119760834715069\/","https:\/\/x.com\/SiennNL","https:\/\/www.linkedin.com\/company-beta\/1524498\/","https:\/\/www.youtube.com\/user\/SIENNbenelux"]}]}},"_links":{"self":[{"href":"https:\/\/www.sienn.com\/nl\/wp-json\/wp\/v2\/pages\/1865","targetHints":{"allow":["GET"]}}],"collection":[{"href":"https:\/\/www.sienn.com\/nl\/wp-json\/wp\/v2\/pages"}],"about":[{"href":"https:\/\/www.sienn.com\/nl\/wp-json\/wp\/v2\/types\/page"}],"author":[{"embeddable":true,"href":"https:\/\/www.sienn.com\/nl\/wp-json\/wp\/v2\/users\/1"}],"replies":[{"embeddable":true,"href":"https:\/\/www.sienn.com\/nl\/wp-json\/wp\/v2\/comments?post=1865"}],"version-history":[{"count":5,"href":"https:\/\/www.sienn.com\/nl\/wp-json\/wp\/v2\/pages\/1865\/revisions"}],"predecessor-version":[{"id":3166,"href":"https:\/\/www.sienn.com\/nl\/wp-json\/wp\/v2\/pages\/1865\/revisions\/3166"}],"up":[{"embeddable":true,"href":"https:\/\/www.sienn.com\/nl\/wp-json\/wp\/v2\/pages\/1814"}],"wp:attachment":[{"href":"https:\/\/www.sienn.com\/nl\/wp-json\/wp\/v2\/media?parent=1865"}],"curies":[{"name":"wp","href":"https:\/\/api.w.org\/{rel}","templated":true}]}}